{"id":77,"date":"2025-01-07T21:21:17","date_gmt":"2025-01-07T20:21:17","guid":{"rendered":"https:\/\/tonrayondesoleil.com\/?page_id=77"},"modified":"2025-01-12T16:10:04","modified_gmt":"2025-01-12T15:10:04","slug":"agir-avec-nous","status":"publish","type":"page","link":"https:\/\/tonrayondesoleil.com\/?page_id=77","title":{"rendered":"Agir avec nous"},"content":{"rendered":"<div data-colibri-id=\"77-c1\" class=\"style-733 style-local-77-c1 position-relative\">\n  <!---->\n  <div data-colibri-component=\"section\" data-colibri-id=\"77-c2\" id=\"content\" class=\"h-section h-section-global-spacing d-flex align-items-lg-center align-items-md-center align-items-center style-734 style-local-77-c2 position-relative\">\n    <!---->\n    <!---->\n    <div class=\"h-section-grid-container h-section-fluid-container\">\n      <!---->\n      <div data-colibri-id=\"77-c3\" class=\"h-row-container gutters-row-lg-0 gutters-row-md-0 gutters-row-2 gutters-row-v-lg-0 gutters-row-v-md-0 gutters-row-v-2 style-735 style-local-77-c3 position-relative\">\n        <!---->\n        <div class=\"h-row justify-content-lg-center justify-content-md-center justify-content-center align-items-lg-stretch align-items-md-stretch align-items-stretch gutters-col-lg-0 gutters-col-md-0 gutters-col-2 gutters-col-v-lg-0 gutters-col-v-md-0 gutters-col-v-2\">\n          <!---->\n          <div class=\"h-column h-column-container d-flex h-col-lg-auto h-col-md-auto h-col-auto style-736-outer style-local-77-c4-outer\">\n            <div data-colibri-id=\"77-c4\" class=\"d-flex h-flex-basis h-column__inner h-px-lg-0 h-px-md-0 h-px-0 v-inner-lg-0 v-inner-md-0 v-inner-0 style-736 style-local-77-c4 position-relative\">\n              <!---->\n              <!---->\n              <div class=\"w-100 h-y-container h-column__content h-column__v-align flex-basis-100 align-self-lg-start align-self-md-start align-self-start\">\n                <!---->\n                <div data-colibri-id=\"77-c6\" class=\"h-global-transition-all h-heading style-738 style-local-77-c6 position-relative h-element\">\n                  <!---->\n                  <div class=\"h-heading__outer style-738 style-local-77-c6\">\n                    <!---->\n                    <!---->\n                    <h2 class=\"\">Pourquoi nous soutenir ?<\/h2>\n                  <\/div>\n                <\/div>\n                <div data-colibri-id=\"77-c7\" class=\"h-text h-text-component style-739 style-local-77-c7 position-relative h-element\">\n                  <!---->\n                  <!---->\n                  <div class=\"\">\n                    <p>Soutenir notre association est bien plus qu\u2019un simple acte de g\u00e9n\u00e9rosit\u00e9. C\u2019est un engagement pour l\u2019\u00e9ducation et l&#8217;avenir des jeunes \u00e9tudiantes en situation pr\u00e9carit\u00e9 et surtout c&#8217;est aider dans la construction d\u2019un monde plus juste\n                      et \u00e9quitable. En soutenant notre mission, vous contribuez \u00e0 un impact durable qui transforme la vie de jeunes femmes vuln\u00e9rables.<\/p>\n                    <h2><strong><br>Comment nous soutenir?<\/strong><\/h2>\n                    <p>&nbsp;Chaque forme de soutien joue un r\u00f4le essentiel pour b\u00e2tir un avenir o\u00f9 chaque jeune femme peut r\u00e9aliser son potentiel et participer pleinement \u00e0 la soci\u00e9t\u00e9. <strong>Que vous souhaitiez faire un don ponctuel, mensuel, ou m\u00eame vous engager de mani\u00e8re plus significative, nous avons plusieurs options pour vous permettre de soutenir efficacement nos projets.<\/strong>                      <\/p>\n                    <p>D\u00e9couvrez les diff\u00e9rentes fa\u00e7ons d\u2019agir \u00e0 nos c\u00f4t\u00e9s et choisissez celle qui convient le mieux ! <\/p>\n                  <\/div>\n                <\/div>\n              <\/div>\n            <\/div>\n          <\/div>\n          <div class=\"h-column h-column-container d-flex h-col-lg-auto h-col-md-auto h-col-auto style-744-outer style-local-77-c21-outer\">\n            <div data-colibri-id=\"77-c21\" class=\"d-flex h-flex-basis h-column__inner h-ui-empty-state-container h-px-lg-0 h-px-md-0 h-px-0 v-inner-lg-0 v-inner-md-0 v-inner-0 style-744 style-local-77-c21 position-relative\">\n              <!---->\n              <!---->\n              <div class=\"w-100 h-y-container h-column__content h-column__v-align flex-basis-100\">\n                <!---->\n              <\/div>\n            <\/div>\n          <\/div>\n        <\/div>\n      <\/div>\n    <\/div>\n  <\/div>\n<\/div>","protected":false},"excerpt":{"rendered":"<p>Pourquoi nous soutenir ? Soutenir notre association est bien plus qu\u2019un simple acte de g\u00e9n\u00e9rosit\u00e9. C\u2019est un engagement pour l\u2019\u00e9ducation et l&#8217;avenir des jeunes \u00e9tudiantes en situation pr\u00e9carit\u00e9 et surtout c&#8217;est aider dans la construction d\u2019un monde plus juste et \u00e9quitable. En soutenant notre mission, vous contribuez \u00e0 un impact durable qui transforme la vie [&hellip;]<\/p>\n","protected":false},"author":1,"featured_media":0,"parent":0,"menu_order":0,"comment_status":"closed","ping_status":"closed","template":"page-templates\/full-width-page.php","meta":{"footnotes":""},"class_list":["post-77","page","type-page","status-publish","hentry"],"yoast_head":"<!-- This site is optimized with the Yoast SEO plugin v24.1 - https:\/\/yoast.com\/wordpress\/plugins\/seo\/ -->\n<title>Agir avec nous - Association Ton Rayon de Soleil<\/title>\n<meta name=\"robots\" content=\"index, follow, max-snippet:-1, max-image-preview:large, max-video-preview:-1\" \/>\n<link rel=\"canonical\" href=\"https:\/\/seagreen-chimpanzee-806401.hostingersite.com\/?page_id=77\" \/>\n<meta property=\"og:locale\" content=\"en_US\" \/>\n<meta property=\"og:type\" content=\"article\" \/>\n<meta property=\"og:title\" content=\"Agir avec nous - Association Ton Rayon de Soleil\" \/>\n<meta property=\"og:description\" content=\"Pourquoi nous soutenir ? Soutenir notre association est bien plus qu\u2019un simple acte de g\u00e9n\u00e9rosit\u00e9. C\u2019est un engagement pour l\u2019\u00e9ducation et l&#8217;avenir des jeunes \u00e9tudiantes en situation pr\u00e9carit\u00e9 et surtout c&#8217;est aider dans la construction d\u2019un monde plus juste et \u00e9quitable. En soutenant notre mission, vous contribuez \u00e0 un impact durable qui transforme la vie [&hellip;]\" \/>\n<meta property=\"og:url\" content=\"https:\/\/seagreen-chimpanzee-806401.hostingersite.com\/?page_id=77\" \/>\n<meta property=\"og:site_name\" content=\"Association Ton Rayon de Soleil\" \/>\n<meta property=\"article:modified_time\" content=\"2025-01-12T15:10:04+00:00\" \/>\n<meta name=\"twitter:card\" content=\"summary_large_image\" \/>\n<script type=\"application\/ld+json\" class=\"yoast-schema-graph\">{\"@context\":\"https:\/\/schema.org\",\"@graph\":[{\"@type\":\"WebPage\",\"@id\":\"https:\/\/seagreen-chimpanzee-806401.hostingersite.com\/?page_id=77\",\"url\":\"https:\/\/seagreen-chimpanzee-806401.hostingersite.com\/?page_id=77\",\"name\":\"Agir avec nous - Association Ton Rayon de Soleil\",\"isPartOf\":{\"@id\":\"https:\/\/seagreen-chimpanzee-806401.hostingersite.com\/#website\"},\"datePublished\":\"2025-01-07T20:21:17+00:00\",\"dateModified\":\"2025-01-12T15:10:04+00:00\",\"breadcrumb\":{\"@id\":\"https:\/\/seagreen-chimpanzee-806401.hostingersite.com\/?page_id=77#breadcrumb\"},\"inLanguage\":\"en-US\",\"potentialAction\":[{\"@type\":\"ReadAction\",\"target\":[\"https:\/\/seagreen-chimpanzee-806401.hostingersite.com\/?page_id=77\"]}]},{\"@type\":\"BreadcrumbList\",\"@id\":\"https:\/\/seagreen-chimpanzee-806401.hostingersite.com\/?page_id=77#breadcrumb\",\"itemListElement\":[{\"@type\":\"ListItem\",\"position\":1,\"name\":\"Home\",\"item\":\"https:\/\/seagreen-chimpanzee-806401.hostingersite.com\/\"},{\"@type\":\"ListItem\",\"position\":2,\"name\":\"Agir avec nous\"}]},{\"@type\":\"WebSite\",\"@id\":\"https:\/\/seagreen-chimpanzee-806401.hostingersite.com\/#website\",\"url\":\"https:\/\/seagreen-chimpanzee-806401.hostingersite.com\/\",\"name\":\"Association Ton Rayon de Soleil\",\"description\":\"Mettons du soleil dans leur vie !\",\"publisher\":{\"@id\":\"https:\/\/seagreen-chimpanzee-806401.hostingersite.com\/#organization\"},\"potentialAction\":[{\"@type\":\"SearchAction\",\"target\":{\"@type\":\"EntryPoint\",\"urlTemplate\":\"https:\/\/seagreen-chimpanzee-806401.hostingersite.com\/?s={search_term_string}\"},\"query-input\":{\"@type\":\"PropertyValueSpecification\",\"valueRequired\":true,\"valueName\":\"search_term_string\"}}],\"inLanguage\":\"en-US\"},{\"@type\":\"Organization\",\"@id\":\"https:\/\/seagreen-chimpanzee-806401.hostingersite.com\/#organization\",\"name\":\"Association Ton Rayon de Soleil\",\"url\":\"https:\/\/seagreen-chimpanzee-806401.hostingersite.com\/\",\"logo\":{\"@type\":\"ImageObject\",\"inLanguage\":\"en-US\",\"@id\":\"https:\/\/seagreen-chimpanzee-806401.hostingersite.com\/#\/schema\/logo\/image\/\",\"url\":\"https:\/\/tonrayondesoleil.com\/wp-content\/uploads\/2025\/01\/cropped-Sunrise-beach-logo-sun-wave-logo-design-template.png\",\"contentUrl\":\"https:\/\/tonrayondesoleil.com\/wp-content\/uploads\/2025\/01\/cropped-Sunrise-beach-logo-sun-wave-logo-design-template.png\",\"width\":500,\"height\":233,\"caption\":\"Association Ton Rayon de Soleil\"},\"image\":{\"@id\":\"https:\/\/seagreen-chimpanzee-806401.hostingersite.com\/#\/schema\/logo\/image\/\"}}]}<\/script>\n<!-- \/ Yoast SEO plugin. -->","yoast_head_json":{"title":"Agir avec nous - Association Ton Rayon de Soleil","robots":{"index":"index","follow":"follow","max-snippet":"max-snippet:-1","max-image-preview":"max-image-preview:large","max-video-preview":"max-video-preview:-1"},"canonical":"https:\/\/seagreen-chimpanzee-806401.hostingersite.com\/?page_id=77","og_locale":"en_US","og_type":"article","og_title":"Agir avec nous - Association Ton Rayon de Soleil","og_description":"Pourquoi nous soutenir ? Soutenir notre association est bien plus qu\u2019un simple acte de g\u00e9n\u00e9rosit\u00e9. C\u2019est un engagement pour l\u2019\u00e9ducation et l&#8217;avenir des jeunes \u00e9tudiantes en situation pr\u00e9carit\u00e9 et surtout c&#8217;est aider dans la construction d\u2019un monde plus juste et \u00e9quitable. En soutenant notre mission, vous contribuez \u00e0 un impact durable qui transforme la vie [&hellip;]","og_url":"https:\/\/seagreen-chimpanzee-806401.hostingersite.com\/?page_id=77","og_site_name":"Association Ton Rayon de Soleil","article_modified_time":"2025-01-12T15:10:04+00:00","twitter_card":"summary_large_image","schema":{"@context":"https:\/\/schema.org","@graph":[{"@type":"WebPage","@id":"https:\/\/seagreen-chimpanzee-806401.hostingersite.com\/?page_id=77","url":"https:\/\/seagreen-chimpanzee-806401.hostingersite.com\/?page_id=77","name":"Agir avec nous - Association Ton Rayon de Soleil","isPartOf":{"@id":"https:\/\/seagreen-chimpanzee-806401.hostingersite.com\/#website"},"datePublished":"2025-01-07T20:21:17+00:00","dateModified":"2025-01-12T15:10:04+00:00","breadcrumb":{"@id":"https:\/\/seagreen-chimpanzee-806401.hostingersite.com\/?page_id=77#breadcrumb"},"inLanguage":"en-US","potentialAction":[{"@type":"ReadAction","target":["https:\/\/seagreen-chimpanzee-806401.hostingersite.com\/?page_id=77"]}]},{"@type":"BreadcrumbList","@id":"https:\/\/seagreen-chimpanzee-806401.hostingersite.com\/?page_id=77#breadcrumb","itemListElement":[{"@type":"ListItem","position":1,"name":"Home","item":"https:\/\/seagreen-chimpanzee-806401.hostingersite.com\/"},{"@type":"ListItem","position":2,"name":"Agir avec nous"}]},{"@type":"WebSite","@id":"https:\/\/seagreen-chimpanzee-806401.hostingersite.com\/#website","url":"https:\/\/seagreen-chimpanzee-806401.hostingersite.com\/","name":"Association Ton Rayon de Soleil","description":"Mettons du soleil dans leur vie !","publisher":{"@id":"https:\/\/seagreen-chimpanzee-806401.hostingersite.com\/#organization"},"potentialAction":[{"@type":"SearchAction","target":{"@type":"EntryPoint","urlTemplate":"https:\/\/seagreen-chimpanzee-806401.hostingersite.com\/?s={search_term_string}"},"query-input":{"@type":"PropertyValueSpecification","valueRequired":true,"valueName":"search_term_string"}}],"inLanguage":"en-US"},{"@type":"Organization","@id":"https:\/\/seagreen-chimpanzee-806401.hostingersite.com\/#organization","name":"Association Ton Rayon de Soleil","url":"https:\/\/seagreen-chimpanzee-806401.hostingersite.com\/","logo":{"@type":"ImageObject","inLanguage":"en-US","@id":"https:\/\/seagreen-chimpanzee-806401.hostingersite.com\/#\/schema\/logo\/image\/","url":"https:\/\/tonrayondesoleil.com\/wp-content\/uploads\/2025\/01\/cropped-Sunrise-beach-logo-sun-wave-logo-design-template.png","contentUrl":"https:\/\/tonrayondesoleil.com\/wp-content\/uploads\/2025\/01\/cropped-Sunrise-beach-logo-sun-wave-logo-design-template.png","width":500,"height":233,"caption":"Association Ton Rayon de Soleil"},"image":{"@id":"https:\/\/seagreen-chimpanzee-806401.hostingersite.com\/#\/schema\/logo\/image\/"}}]}},"_links":{"self":[{"href":"https:\/\/tonrayondesoleil.com\/index.php?rest_route=\/wp\/v2\/pages\/77","targetHints":{"allow":["GET"]}}],"collection":[{"href":"https:\/\/tonrayondesoleil.com\/index.php?rest_route=\/wp\/v2\/pages"}],"about":[{"href":"https:\/\/tonrayondesoleil.com\/index.php?rest_route=\/wp\/v2\/types\/page"}],"author":[{"embeddable":true,"href":"https:\/\/tonrayondesoleil.com\/index.php?rest_route=\/wp\/v2\/users\/1"}],"replies":[{"embeddable":true,"href":"https:\/\/tonrayondesoleil.com\/index.php?rest_route=%2Fwp%2Fv2%2Fcomments&post=77"}],"version-history":[{"count":7,"href":"https:\/\/tonrayondesoleil.com\/index.php?rest_route=\/wp\/v2\/pages\/77\/revisions"}],"predecessor-version":[{"id":505,"href":"https:\/\/tonrayondesoleil.com\/index.php?rest_route=\/wp\/v2\/pages\/77\/revisions\/505"}],"wp:attachment":[{"href":"https:\/\/tonrayondesoleil.com\/index.php?rest_route=%2Fwp%2Fv2%2Fmedia&parent=77"}],"curies":[{"name":"wp","href":"https:\/\/api.w.org\/{rel}","templated":true}]}}