{"id":2,"date":"2025-01-06T22:42:43","date_gmt":"2025-01-06T21:42:43","guid":{"rendered":"https:\/\/tonrayondesoleil.com\/?page_id=2"},"modified":"2025-01-12T15:15:05","modified_gmt":"2025-01-12T14:15:05","slug":"page-d-exemple","status":"publish","type":"page","link":"https:\/\/tonrayondesoleil.com\/?page_id=2","title":{"rendered":"Nos actions"},"content":{"rendered":"<div data-colibri-id=\"2-c1\" class=\"style-713 style-local-2-c1 position-relative\">\n  <!---->\n  <div data-colibri-component=\"section\" data-colibri-id=\"2-c6\" id=\"custom\" class=\"h-section h-section-global-spacing d-flex align-items-lg-center align-items-md-center align-items-center style-718 style-local-2-c6 position-relative\">\n    <!---->\n    <!---->\n    <div class=\"h-section-grid-container h-section-boxed-container\">\n      <!---->\n      <div data-colibri-id=\"2-c7\" class=\"h-row-container gutters-row-lg-2 gutters-row-md-2 gutters-row-0 gutters-row-v-lg-2 gutters-row-v-md-2 gutters-row-v-2 style-719 style-local-2-c7 position-relative\">\n        <!---->\n        <div class=\"h-row justify-content-lg-center justify-content-md-center justify-content-center align-items-lg-stretch align-items-md-stretch align-items-stretch gutters-col-lg-2 gutters-col-md-2 gutters-col-0 gutters-col-v-lg-2 gutters-col-v-md-2 gutters-col-v-2\">\n          <!---->\n          <div class=\"h-column h-column-container d-flex h-col-lg-auto h-col-md-auto h-col-auto style-720-outer style-local-2-c8-outer\">\n            <div data-colibri-id=\"2-c8\" class=\"d-flex h-flex-basis h-column__inner h-px-lg-2 h-px-md-2 h-px-2 v-inner-lg-2 v-inner-md-2 v-inner-2 style-720 style-local-2-c8 position-relative\">\n              <!---->\n              <!---->\n              <div class=\"w-100 h-y-container h-column__content h-column__v-align flex-basis-100 align-self-lg-start align-self-md-start align-self-start\">\n                <!---->\n                <div data-colibri-id=\"2-c9\" class=\"h-text h-text-component style-721 style-local-2-c9 position-relative h-element\">\n                  <!---->\n                  <!---->\n                  <div class=\"\">\n                    <p>Fond\u00e9e en janvier 2025, l\u2019association Ton Rayon De Soleil a pour objet d&#8217;aider les \u00e9tudiantes confront\u00e9es \u00e0 une&nbsp;<strong>grande pr\u00e9carit\u00e9<\/strong>&nbsp;par le biais d\u2019actions humanitaires.<\/p>\n                    <p>Depuis sa cr\u00e9ation, elle s\u2019attache principalement \u00e0 l\u2019\u00e9laboration et \u00e0 la distribution de&nbsp;<strong>kits d\u2019hygi\u00e8ne<\/strong>&nbsp;et de colis alimentaires \u00e0 destination des \u00e9tudiantes. Ces derni\u00e8res ont parfois un acc\u00e8s tr\u00e8s limit\u00e9\n                      aux produits d\u2019hygi\u00e8nes, \u00e9l\u00e9ment pourtant essentiel pour rester digne et concentr\u00e9es sur leurs \u00e9tudes.&nbsp;<\/p>\n                    <p>Les&nbsp;<strong>kits d\u2019hygi\u00e8ne<\/strong>&nbsp;propos\u00e9s par notre association sont compos\u00e9s de divers produits : gel douche, shampoing, dentifrice, brosse \u00e0 dents, peigne ou brosse \u00e0 cheveux, d\u00e9odorant, protections p\u00e9riodiques, coupe-ongles\u2026\n                      le tout mis dans un tote bag.&nbsp;<\/p>\n                    <p>Les kits, constitu\u00e9s gr\u00e2ce \u00e0 des b\u00e9n\u00e9voles, sont ensuite offerts lors de nos journ\u00e9es de distribution sur les campus.<\/p>\n                    <p>\n                      <br>\n                    <\/p>\n                    <p>\n                      <br>\n                    <\/p>\n                  <\/div>\n                <\/div>\n              <\/div>\n            <\/div>\n          <\/div>\n        <\/div>\n      <\/div>\n    <\/div>\n  <\/div>\n<\/div>","protected":false},"excerpt":{"rendered":"<p>Fond\u00e9e en janvier 2025, l\u2019association Ton Rayon De Soleil a pour objet d&#8217;aider les \u00e9tudiantes confront\u00e9es \u00e0 une&nbsp;grande pr\u00e9carit\u00e9&nbsp;par le biais d\u2019actions humanitaires. Depuis sa cr\u00e9ation, elle s\u2019attache principalement \u00e0 l\u2019\u00e9laboration et \u00e0 la distribution de&nbsp;kits d\u2019hygi\u00e8ne&nbsp;et de colis alimentaires \u00e0 destination des \u00e9tudiantes. Ces derni\u00e8res ont parfois un acc\u00e8s tr\u00e8s limit\u00e9 aux produits d\u2019hygi\u00e8nes, [&hellip;]<\/p>\n","protected":false},"author":1,"featured_media":0,"parent":0,"menu_order":0,"comment_status":"closed","ping_status":"open","template":"page-templates\/full-width-page.php","meta":{"footnotes":""},"class_list":["post-2","page","type-page","status-publish","hentry"],"yoast_head":"<!-- This site is optimized with the Yoast SEO plugin v24.1 - https:\/\/yoast.com\/wordpress\/plugins\/seo\/ -->\n<title>Nos actions - Association Ton Rayon de Soleil<\/title>\n<meta name=\"robots\" content=\"index, follow, max-snippet:-1, max-image-preview:large, max-video-preview:-1\" \/>\n<link rel=\"canonical\" href=\"https:\/\/seagreen-chimpanzee-806401.hostingersite.com\/?page_id=2\" \/>\n<meta property=\"og:locale\" content=\"en_US\" \/>\n<meta property=\"og:type\" content=\"article\" \/>\n<meta property=\"og:title\" content=\"Nos actions - Association Ton Rayon de Soleil\" \/>\n<meta property=\"og:description\" content=\"Fond\u00e9e en janvier 2025, l\u2019association Ton Rayon De Soleil a pour objet d&#8217;aider les \u00e9tudiantes confront\u00e9es \u00e0 une&nbsp;grande pr\u00e9carit\u00e9&nbsp;par le biais d\u2019actions humanitaires. Depuis sa cr\u00e9ation, elle s\u2019attache principalement \u00e0 l\u2019\u00e9laboration et \u00e0 la distribution de&nbsp;kits d\u2019hygi\u00e8ne&nbsp;et de colis alimentaires \u00e0 destination des \u00e9tudiantes. Ces derni\u00e8res ont parfois un acc\u00e8s tr\u00e8s limit\u00e9 aux produits d\u2019hygi\u00e8nes, [&hellip;]\" \/>\n<meta property=\"og:url\" content=\"https:\/\/seagreen-chimpanzee-806401.hostingersite.com\/?page_id=2\" \/>\n<meta property=\"og:site_name\" content=\"Association Ton Rayon de Soleil\" \/>\n<meta property=\"article:modified_time\" content=\"2025-01-12T14:15:05+00:00\" \/>\n<meta name=\"twitter:card\" content=\"summary_large_image\" \/>\n<meta name=\"twitter:label1\" content=\"Est. reading time\" \/>\n\t<meta name=\"twitter:data1\" content=\"1 minute\" \/>\n<script type=\"application\/ld+json\" class=\"yoast-schema-graph\">{\"@context\":\"https:\/\/schema.org\",\"@graph\":[{\"@type\":\"WebPage\",\"@id\":\"https:\/\/seagreen-chimpanzee-806401.hostingersite.com\/?page_id=2\",\"url\":\"https:\/\/seagreen-chimpanzee-806401.hostingersite.com\/?page_id=2\",\"name\":\"Nos actions - Association Ton Rayon de Soleil\",\"isPartOf\":{\"@id\":\"https:\/\/seagreen-chimpanzee-806401.hostingersite.com\/#website\"},\"datePublished\":\"2025-01-06T21:42:43+00:00\",\"dateModified\":\"2025-01-12T14:15:05+00:00\",\"breadcrumb\":{\"@id\":\"https:\/\/seagreen-chimpanzee-806401.hostingersite.com\/?page_id=2#breadcrumb\"},\"inLanguage\":\"en-US\",\"potentialAction\":[{\"@type\":\"ReadAction\",\"target\":[\"https:\/\/seagreen-chimpanzee-806401.hostingersite.com\/?page_id=2\"]}]},{\"@type\":\"BreadcrumbList\",\"@id\":\"https:\/\/seagreen-chimpanzee-806401.hostingersite.com\/?page_id=2#breadcrumb\",\"itemListElement\":[{\"@type\":\"ListItem\",\"position\":1,\"name\":\"Home\",\"item\":\"https:\/\/seagreen-chimpanzee-806401.hostingersite.com\/\"},{\"@type\":\"ListItem\",\"position\":2,\"name\":\"Nos actions\"}]},{\"@type\":\"WebSite\",\"@id\":\"https:\/\/seagreen-chimpanzee-806401.hostingersite.com\/#website\",\"url\":\"https:\/\/seagreen-chimpanzee-806401.hostingersite.com\/\",\"name\":\"Association Ton Rayon de Soleil\",\"description\":\"Mettons du soleil dans leur vie !\",\"publisher\":{\"@id\":\"https:\/\/seagreen-chimpanzee-806401.hostingersite.com\/#organization\"},\"potentialAction\":[{\"@type\":\"SearchAction\",\"target\":{\"@type\":\"EntryPoint\",\"urlTemplate\":\"https:\/\/seagreen-chimpanzee-806401.hostingersite.com\/?s={search_term_string}\"},\"query-input\":{\"@type\":\"PropertyValueSpecification\",\"valueRequired\":true,\"valueName\":\"search_term_string\"}}],\"inLanguage\":\"en-US\"},{\"@type\":\"Organization\",\"@id\":\"https:\/\/seagreen-chimpanzee-806401.hostingersite.com\/#organization\",\"name\":\"Association Ton Rayon de Soleil\",\"url\":\"https:\/\/seagreen-chimpanzee-806401.hostingersite.com\/\",\"logo\":{\"@type\":\"ImageObject\",\"inLanguage\":\"en-US\",\"@id\":\"https:\/\/seagreen-chimpanzee-806401.hostingersite.com\/#\/schema\/logo\/image\/\",\"url\":\"https:\/\/tonrayondesoleil.com\/wp-content\/uploads\/2025\/01\/cropped-Sunrise-beach-logo-sun-wave-logo-design-template.png\",\"contentUrl\":\"https:\/\/tonrayondesoleil.com\/wp-content\/uploads\/2025\/01\/cropped-Sunrise-beach-logo-sun-wave-logo-design-template.png\",\"width\":500,\"height\":233,\"caption\":\"Association Ton Rayon de Soleil\"},\"image\":{\"@id\":\"https:\/\/seagreen-chimpanzee-806401.hostingersite.com\/#\/schema\/logo\/image\/\"}}]}<\/script>\n<!-- \/ Yoast SEO plugin. -->","yoast_head_json":{"title":"Nos actions - Association Ton Rayon de Soleil","robots":{"index":"index","follow":"follow","max-snippet":"max-snippet:-1","max-image-preview":"max-image-preview:large","max-video-preview":"max-video-preview:-1"},"canonical":"https:\/\/seagreen-chimpanzee-806401.hostingersite.com\/?page_id=2","og_locale":"en_US","og_type":"article","og_title":"Nos actions - Association Ton Rayon de Soleil","og_description":"Fond\u00e9e en janvier 2025, l\u2019association Ton Rayon De Soleil a pour objet d&#8217;aider les \u00e9tudiantes confront\u00e9es \u00e0 une&nbsp;grande pr\u00e9carit\u00e9&nbsp;par le biais d\u2019actions humanitaires. Depuis sa cr\u00e9ation, elle s\u2019attache principalement \u00e0 l\u2019\u00e9laboration et \u00e0 la distribution de&nbsp;kits d\u2019hygi\u00e8ne&nbsp;et de colis alimentaires \u00e0 destination des \u00e9tudiantes. Ces derni\u00e8res ont parfois un acc\u00e8s tr\u00e8s limit\u00e9 aux produits d\u2019hygi\u00e8nes, [&hellip;]","og_url":"https:\/\/seagreen-chimpanzee-806401.hostingersite.com\/?page_id=2","og_site_name":"Association Ton Rayon de Soleil","article_modified_time":"2025-01-12T14:15:05+00:00","twitter_card":"summary_large_image","twitter_misc":{"Est. reading time":"1 minute"},"schema":{"@context":"https:\/\/schema.org","@graph":[{"@type":"WebPage","@id":"https:\/\/seagreen-chimpanzee-806401.hostingersite.com\/?page_id=2","url":"https:\/\/seagreen-chimpanzee-806401.hostingersite.com\/?page_id=2","name":"Nos actions - Association Ton Rayon de Soleil","isPartOf":{"@id":"https:\/\/seagreen-chimpanzee-806401.hostingersite.com\/#website"},"datePublished":"2025-01-06T21:42:43+00:00","dateModified":"2025-01-12T14:15:05+00:00","breadcrumb":{"@id":"https:\/\/seagreen-chimpanzee-806401.hostingersite.com\/?page_id=2#breadcrumb"},"inLanguage":"en-US","potentialAction":[{"@type":"ReadAction","target":["https:\/\/seagreen-chimpanzee-806401.hostingersite.com\/?page_id=2"]}]},{"@type":"BreadcrumbList","@id":"https:\/\/seagreen-chimpanzee-806401.hostingersite.com\/?page_id=2#breadcrumb","itemListElement":[{"@type":"ListItem","position":1,"name":"Home","item":"https:\/\/seagreen-chimpanzee-806401.hostingersite.com\/"},{"@type":"ListItem","position":2,"name":"Nos actions"}]},{"@type":"WebSite","@id":"https:\/\/seagreen-chimpanzee-806401.hostingersite.com\/#website","url":"https:\/\/seagreen-chimpanzee-806401.hostingersite.com\/","name":"Association Ton Rayon de Soleil","description":"Mettons du soleil dans leur vie !","publisher":{"@id":"https:\/\/seagreen-chimpanzee-806401.hostingersite.com\/#organization"},"potentialAction":[{"@type":"SearchAction","target":{"@type":"EntryPoint","urlTemplate":"https:\/\/seagreen-chimpanzee-806401.hostingersite.com\/?s={search_term_string}"},"query-input":{"@type":"PropertyValueSpecification","valueRequired":true,"valueName":"search_term_string"}}],"inLanguage":"en-US"},{"@type":"Organization","@id":"https:\/\/seagreen-chimpanzee-806401.hostingersite.com\/#organization","name":"Association Ton Rayon de Soleil","url":"https:\/\/seagreen-chimpanzee-806401.hostingersite.com\/","logo":{"@type":"ImageObject","inLanguage":"en-US","@id":"https:\/\/seagreen-chimpanzee-806401.hostingersite.com\/#\/schema\/logo\/image\/","url":"https:\/\/tonrayondesoleil.com\/wp-content\/uploads\/2025\/01\/cropped-Sunrise-beach-logo-sun-wave-logo-design-template.png","contentUrl":"https:\/\/tonrayondesoleil.com\/wp-content\/uploads\/2025\/01\/cropped-Sunrise-beach-logo-sun-wave-logo-design-template.png","width":500,"height":233,"caption":"Association Ton Rayon de Soleil"},"image":{"@id":"https:\/\/seagreen-chimpanzee-806401.hostingersite.com\/#\/schema\/logo\/image\/"}}]}},"_links":{"self":[{"href":"https:\/\/tonrayondesoleil.com\/index.php?rest_route=\/wp\/v2\/pages\/2","targetHints":{"allow":["GET"]}}],"collection":[{"href":"https:\/\/tonrayondesoleil.com\/index.php?rest_route=\/wp\/v2\/pages"}],"about":[{"href":"https:\/\/tonrayondesoleil.com\/index.php?rest_route=\/wp\/v2\/types\/page"}],"author":[{"embeddable":true,"href":"https:\/\/tonrayondesoleil.com\/index.php?rest_route=\/wp\/v2\/users\/1"}],"replies":[{"embeddable":true,"href":"https:\/\/tonrayondesoleil.com\/index.php?rest_route=%2Fwp%2Fv2%2Fcomments&post=2"}],"version-history":[{"count":3,"href":"https:\/\/tonrayondesoleil.com\/index.php?rest_route=\/wp\/v2\/pages\/2\/revisions"}],"predecessor-version":[{"id":472,"href":"https:\/\/tonrayondesoleil.com\/index.php?rest_route=\/wp\/v2\/pages\/2\/revisions\/472"}],"wp:attachment":[{"href":"https:\/\/tonrayondesoleil.com\/index.php?rest_route=%2Fwp%2Fv2%2Fmedia&parent=2"}],"curies":[{"name":"wp","href":"https:\/\/api.w.org\/{rel}","templated":true}]}}